{"id":3,"date":"2024-03-11T12:45:22","date_gmt":"2024-03-11T11:45:22","guid":{"rendered":"https:\/\/je-immo.at\/?page_id=3"},"modified":"2025-03-20T08:54:47","modified_gmt":"2025-03-20T07:54:47","slug":"datenschutzerklaerung","status":"publish","type":"page","link":"https:\/\/je-immo.at\/index.php\/datenschutzerklaerung\/","title":{"rendered":"Datenschutzerkl\u00e4rung"},"content":{"rendered":"[vc_row type=&#8220;in_container&#8220; full_screen_row_position=&#8220;middle&#8220; column_margin=&#8220;default&#8220; column_direction=&#8220;default&#8220; column_direction_tablet=&#8220;default&#8220; column_direction_phone=&#8220;default&#8220; scene_position=&#8220;center&#8220; text_color=&#8220;dark&#8220; text_align=&#8220;left&#8220; row_border_radius=&#8220;none&#8220; row_border_radius_applies=&#8220;bg&#8220; overflow=&#8220;visible&#8220; overlay_strength=&#8220;0.3&#8243; gradient_direction=&#8220;left_to_right&#8220; shape_divider_position=&#8220;bottom&#8220; bg_image_animation=&#8220;none&#8220;][vc_column column_padding=&#8220;no-extra-padding&#8220; column_padding_tablet=&#8220;inherit&#8220; column_padding_phone=&#8220;inherit&#8220; column_padding_position=&#8220;all&#8220; column_element_direction_desktop=&#8220;default&#8220; column_element_spacing=&#8220;default&#8220; desktop_text_alignment=&#8220;default&#8220; tablet_text_alignment=&#8220;default&#8220; phone_text_alignment=&#8220;default&#8220; background_color_opacity=&#8220;1&#8243; background_hover_color_opacity=&#8220;1&#8243; column_backdrop_filter=&#8220;none&#8220; column_shadow=&#8220;none&#8220; column_border_radius=&#8220;none&#8220; column_link_target=&#8220;_self&#8220; column_position=&#8220;default&#8220; gradient_direction=&#8220;left_to_right&#8220; overlay_strength=&#8220;0.3&#8243; width=&#8220;1\/1&#8243; tablet_width_inherit=&#8220;default&#8220; animation_type=&#8220;default&#8220; bg_image_animation=&#8220;none&#8220; border_type=&#8220;simple&#8220; column_border_width=&#8220;none&#8220; column_border_style=&#8220;solid&#8220;][vc_column_text text_direction=&#8220;default&#8220;]\n<p><strong>DATENSCHUTZERKL\u00c4RUNG<\/strong><\/p>\n<p><strong>EINLEITUNG<\/strong><\/p>\n<p>Der Schutz Ihrer pers\u00f6nlichen Daten ist uns ein besonderes Anliegen. Wir verarbeiten Ihre Daten daher ausschlie\u00dflich auf Grundlage der gesetzlichen Bestimmungen (DSGVO, TKG 2003). In dieser Datenschutzerkl\u00e4rung informieren wir Sie \u00fcber die wichtigsten Aspekte der Datenverarbeitung im Rahmen unserer Website.<\/p>\n<p><strong>KONTAKT MIT UNS<\/strong><\/p>\n<p>Wenn Sie per Formular auf der Website oder per E-Mail Kontakt mit uns aufnehmen, werden Ihre angegebenen Daten zwecks Bearbeitung der Anfrage und f\u00fcr den Fall von Anschlussfragen bei uns gespeichert. Diese Daten geben wir nicht ohne Ihre Einwilligung weiter.<\/p>\n<p><strong>\u00dcBERMITTLUNG VON KUNDENDATEN F\u00dcR ONLINE-BESTELLUNGEN<\/strong><\/p>\n<p>Wir m\u00f6chten darauf hinweisen, dass zur Abwicklung Ihrer Online-Bestellungen Daten wie Name, Adresse, E-Mail-Adresse und Telefonnummer an Dritte weitergegeben, verarbeitet und gespeichert werden. Diese Daten dienen ausschlie\u00dflich der Erf\u00fcllung Ihrer Bestellungen und der Einhaltung gesetzlicher Vorschriften. Wir achten auf die Sicherheit Ihrer Daten und gew\u00e4hren Ihnen jederzeit das Recht auf Auskunft, Berichtigung, L\u00f6schung und Einschr\u00e4nkung der Verarbeitung Ihrer Daten sowie das Recht auf Daten\u00fcbertragbarkeit. Bei Fragen oder Anliegen stehen wir Ihnen gerne zur Verf\u00fcgung.<\/p>\n<p><strong>COOKIES<\/strong><\/p>\n<p>Unsere Website verwendet sogenannte Cookies. Dabei handelt es sich um kleine Textdateien, die von Ihrem Browser auf Ihrem Endger\u00e4t gespeichert werden. Diese Cookies richten keinen Schaden an. Wir setzen Cookies ein, um unser Angebot benutzerfreundlich zu gestalten. Einige Cookies verbleiben auf Ihrem Endger\u00e4t, bis Sie sie l\u00f6schen. Sie erm\u00f6glichen es uns, Ihren Browser bei Ihrem n\u00e4chsten Besuch wiederzuerkennen. Wenn Sie keine Cookies w\u00fcnschen, k\u00f6nnen Sie die Einstellungen Ihres Browsers entsprechend anpassen, um \u00fcber das Setzen von Cookies informiert zu werden und diese nur im Einzelfall zuzulassen. Bitte beachten Sie, dass die Deaktivierung von Cookies die Funktionalit\u00e4t unserer Website beeintr\u00e4chtigen kann.<\/p>\n<p><strong>WEB-ANALYSE<\/strong><\/p>\n<p>Unsere Website verwendet Funktionen des Webanalysedienstes Google Analytics. Anbieter ist die Google Inc., 1600 Amphitheatre Parkway Mountain View, CA 94043, USA. Dazu werden Cookies verwendet, die eine Analyse der Benutzung der Website durch Ihre Benutzer erm\u00f6glicht. Die dadurch erzeugten Informationen werden auf den Server des Anbieters \u00fcbertragen und dort gespeichert.<\/p>\n<p><strong>IP-ANONYMISIERUNG<\/strong><\/p>\n<p>Wir haben auf dieser Website die Funktion IP-Anonymisierung aktiviert. Dadurch wird Ihre IP-Adresse von Google innerhalb von Mitgliedsstaaten der Europ\u00e4ischen Union oder in anderen Vertragsstaaten des Abkommens \u00fcber den Europ\u00e4ischen Wirtschaftsraum vor der \u00dcbermittlung in die USA gek\u00fcrzt. Nur in Ausnahmef\u00e4llen wird die volle IP-Adresse an einen Server von Google in den USA \u00fcbertragen und dort gek\u00fcrzt. Im Auftrag des Betreibers dieser Website wird Google diese Informationen verwenden, um Ihre Nutzung der Website auszuwerten, um Reports \u00fcber die Websiteaktivit\u00e4ten zusammenzustellen und um weitere mit der Websitenutzung und der Internetnutzung verbundene Dienstleistungen gegen\u00fcber dem Websitebetreiber zu erbringen. Die im Rahmen von Google Analytics von Ihrem Browser \u00fcbermittelte IP-Adresse wird nicht mit anderen Daten von Google zusammengef\u00fchrt.<\/p>\n<p><strong>BROWSER PLUGIN<\/strong><\/p>\n<p>Sie k\u00f6nnen die Speicherung der Cookies durch eine entsprechende Einstellung Ihrer Browser-Software verhindern; wir weisen Sie jedoch darauf hin, dass Sie in diesem Fall gegebenenfalls nicht s\u00e4mtliche Funktionen dieser Website vollumf\u00e4nglich nutzen k\u00f6nnen. Sie k\u00f6nnen dar\u00fcber hinaus die Erfassung der durch den Cookie erzeugten und auf Ihre Nutzung der Website bezogenen Daten (inkl. Ihrer IP-Adresse) an Google sowie die Verarbeitung dieser Daten durch Google verhindern, indem Sie das unter dem folgenden Link verf\u00fcgbare Browser-Plugin herunterladen und installieren: https:\/\/tools.google.com\/dlpage\/gaoptout?hl=de<\/p>\n<p><strong>DEMOGRAFISCHE MERKMALE BEI GOOGLE ANALYTICS<\/strong><\/p>\n<p>Diese Website nutzt die Funktion \u201edemografische Merkmale\u201c von Google Analytics. Dadurch k\u00f6nnen Berichte erstellt werden, die Aussagen zu Alter, Geschlecht und Interessen der Seitenbesucher enthalten. Diese Daten stammen aus interessenbezogener Werbung von Google sowie aus Besucherdaten von Drittanbietern. Diese Daten k\u00f6nnen keiner bestimmten Person zugeordnet werden. Sie k\u00f6nnen diese Funktion jederzeit \u00fcber die Anzeigeneinstellungen in Ihrem Google-Konto deaktivieren oder die Erfassung Ihrer Daten durch Google Analytics wie im Punkt \u201eWiderspruch gegen Datenerfassung\u201c dargestellt generell untersagen.<\/p>\n<p><strong>VERWENDUNG VON GOOGLE FONTS<\/strong><\/p>\n<p>Um eine ansprechende Darstellung und Lesbarkeit unserer Website sicherzustellen, verwenden wir Schriftarten von Google Fonts. Google Fonts ist ein Dienst von Google LLC, 1600 Amphitheatre Parkway, Mountain View, CA 94043, USA (&#8222;Google&#8220;). Die Verwendung von Google Fonts erfolgt, um Ihnen eine gr\u00f6\u00dfere Auswahl an Schriftarten zur Verf\u00fcgung zu stellen und das Ladenzeiten unserer Website zu optimieren. Wenn Sie unsere Website besuchen, stellt Ihr Browser eine direkte Verbindung zu den Servern von Google her, um die ben\u00f6tigten Schriftarten zu laden. Dabei werden keine personenbezogenen Daten an Google \u00fcbertragen, da die Schriftarten von Ihrem Browser direkt geladen werden. Weitere Informationen zur Datennutzung durch Google Fonts finden Sie in den Datenschutzbestimmungen von Google: Google Datenschutzbestimmungen.<\/p>\n<p>Die Verwendung von Google Fonts erfolgt aufgrund unseres berechtigten Interesses an der Gestaltung und Optimierung unserer Website im Sinne von Artikel 6 Absatz 1 Buchstabe f DSGVO.<\/p>\n<p><strong>DATENSPEICHERUNG<\/strong><\/p>\n<p>Wir weisen darauf hin, dass zum Zweck der Vertragsabwicklung hinterlegte Daten bei uns gespeichert werden. Die von Ihnen bereitgestellten Daten sind zur Vertragserf\u00fcllung bzw. zur Durchf\u00fchrung vorvertraglicher Ma\u00dfnahmen erforderlich. Ohne diese Daten k\u00f6nnen wir den Vertrag mit Ihnen nicht abschlie\u00dfen. Eine Daten\u00fcbermittlung an Dritte erfolgt nicht, mit Ausnahme der \u00dcbermittlung der Kreditkartendaten an die abwickelnden Bankinstitute und den Zahlungsdienstleister zum Zwecke der Abbuchung des Einkaufspreises, an das von uns beauftragte Transportunternehmen\/Versandunternehmen zur Zustellung der Ware sowie an unseren Steuerberater zur Erf\u00fcllung unserer steuerrechtlichen Verpflichtungen. Nach Abbruch des Einkaufsvorganges werden die bei uns gespeicherten Daten gel\u00f6scht. Im Falle eines Vertragsabschlusses werden s\u00e4mtliche Daten aus dem Vertragsverh\u00e4ltnis bis zum Ablauf der steuerrechtlichen Aufbewahrungsfrist (7 Jahre) gespeichert.<\/p>\n<p><strong>KONTAKTAUFNAHME<\/strong><\/p>\n<p>Wenn Sie Fragen oder Anliegen bez\u00fcglich unserer Datenschutzpraktiken haben oder Ihre Datenschutzrechte gem\u00e4\u00df der Datenschutz-Grundverordnung (DSGVO) aus\u00fcben m\u00f6chten, bitten wir Sie, die entsprechenden Kontaktinformationen aus unserem Impressum zu verwenden. Dort finden Sie die Kontaktdaten des Verantwortlichen f\u00fcr die Datenverarbeitung sowie gegebenenfalls die Angaben zum Datenschutzbeauftragten. Wir stehen Ihnen gerne zur Verf\u00fcgung, um Ihre Anfragen in Bezug auf den Datenschutz zu beantworten und sicherzustellen, dass Ihre Datenschutzrechte gewahrt werden. Ihr Vertrauen in den Schutz Ihrer personenbezogenen Daten ist uns wichtig, und wir sind bestrebt, Ihre Anliegen bestm\u00f6glich zu unterst\u00fctzen.<\/p>\n<p>&nbsp;<\/p>\n[\/vc_column_text][\/vc_column][\/vc_row]\n","protected":false},"excerpt":{"rendered":"<p>[vc_row type=&#8220;in_container&#8220; full_screen_row_position=&#8220;middle&#8220; column_margin=&#8220;default&#8220; column_direction=&#8220;default&#8220; column_direction_tablet=&#8220;default&#8220; column_direction_phone=&#8220;default&#8220; scene_position=&#8220;center&#8220; text_color=&#8220;dark&#8220; text_align=&#8220;left&#8220; row_border_radius=&#8220;none&#8220; row_border_radius_applies=&#8220;bg&#8220; overflow=&#8220;visible&#8220; overlay_strength=&#8220;0.3&#8243; gradient_direction=&#8220;left_to_right&#8220; shape_divider_position=&#8220;bottom&#8220; bg_image_animation=&#8220;none&#8220;][vc_column column_padding=&#8220;no-extra-padding&#8220; column_padding_tablet=&#8220;inherit&#8220; column_padding_phone=&#8220;inherit&#8220; column_padding_position=&#8220;all&#8220; column_element_direction_desktop=&#8220;default&#8220; column_element_spacing=&#8220;default&#8220; desktop_text_alignment=&#8220;default&#8220; tablet_text_alignment=&#8220;default&#8220; phone_text_alignment=&#8220;default&#8220; background_color_opacity=&#8220;1&#8243; background_hover_color_opacity=&#8220;1&#8243; column_backdrop_filter=&#8220;none&#8220; column_shadow=&#8220;none&#8220;&#8230;<\/p>\n","protected":false},"author":1,"featured_media":0,"parent":0,"menu_order":0,"comment_status":"closed","ping_status":"open","template":"","meta":{"footnotes":""},"class_list":["post-3","page","type-page","status-publish"],"yoast_head":"<!-- This site is optimized with the Yoast SEO plugin v24.7 - https:\/\/yoast.com\/wordpress\/plugins\/seo\/ -->\n<title>Datenschutzerkl\u00e4rung - J&amp;E Immo GmbH<\/title>\n<meta name=\"robots\" content=\"noindex, nofollow\" \/>\n<meta property=\"og:locale\" content=\"de_DE\" \/>\n<meta property=\"og:type\" content=\"article\" \/>\n<meta property=\"og:title\" content=\"Datenschutzerkl\u00e4rung - J&amp;E Immo GmbH\" \/>\n<meta property=\"og:description\" content=\"[vc_row type=&#8220;in_container&#8220; full_screen_row_position=&#8220;middle&#8220; column_margin=&#8220;default&#8220; column_direction=&#8220;default&#8220; column_direction_tablet=&#8220;default&#8220; column_direction_phone=&#8220;default&#8220; scene_position=&#8220;center&#8220; text_color=&#8220;dark&#8220; text_align=&#8220;left&#8220; row_border_radius=&#8220;none&#8220; row_border_radius_applies=&#8220;bg&#8220; overflow=&#8220;visible&#8220; overlay_strength=&#8220;0.3&#8243; gradient_direction=&#8220;left_to_right&#8220; shape_divider_position=&#8220;bottom&#8220; bg_image_animation=&#8220;none&#8220;][vc_column column_padding=&#8220;no-extra-padding&#8220; column_padding_tablet=&#8220;inherit&#8220; column_padding_phone=&#8220;inherit&#8220; column_padding_position=&#8220;all&#8220; column_element_direction_desktop=&#8220;default&#8220; column_element_spacing=&#8220;default&#8220; desktop_text_alignment=&#8220;default&#8220; tablet_text_alignment=&#8220;default&#8220; phone_text_alignment=&#8220;default&#8220; background_color_opacity=&#8220;1&#8243; background_hover_color_opacity=&#8220;1&#8243; column_backdrop_filter=&#8220;none&#8220; column_shadow=&#8220;none&#8220;...\" \/>\n<meta property=\"og:url\" content=\"https:\/\/je-immo.at\/index.php\/datenschutzerklaerung\/\" \/>\n<meta property=\"og:site_name\" content=\"J&amp;E Immo GmbH\" \/>\n<meta property=\"article:modified_time\" content=\"2025-03-20T07:54:47+00:00\" \/>\n<meta property=\"og:image\" content=\"https:\/\/je-immo.at\/wp-content\/uploads\/2025\/03\/JE_Immo_Logo.png\" \/>\n\t<meta property=\"og:image:width\" content=\"175\" \/>\n\t<meta property=\"og:image:height\" content=\"165\" \/>\n\t<meta property=\"og:image:type\" content=\"image\/png\" \/>\n<meta name=\"twitter:card\" content=\"summary_large_image\" \/>\n<meta name=\"twitter:label1\" content=\"Gesch\u00e4tzte Lesezeit\" \/>\n\t<meta name=\"twitter:data1\" content=\"6\u00a0Minuten\" \/>\n<script type=\"application\/ld+json\" class=\"yoast-schema-graph\">{\"@context\":\"https:\/\/schema.org\",\"@graph\":[{\"@type\":\"WebPage\",\"@id\":\"https:\/\/je-immo.at\/index.php\/datenschutzerklaerung\/\",\"url\":\"https:\/\/je-immo.at\/index.php\/datenschutzerklaerung\/\",\"name\":\"Datenschutzerkl\u00e4rung - J&amp;E Immo GmbH\",\"isPartOf\":{\"@id\":\"https:\/\/je-immo.at\/#website\"},\"datePublished\":\"2024-03-11T11:45:22+00:00\",\"dateModified\":\"2025-03-20T07:54:47+00:00\",\"breadcrumb\":{\"@id\":\"https:\/\/je-immo.at\/index.php\/datenschutzerklaerung\/#breadcrumb\"},\"inLanguage\":\"de\",\"potentialAction\":[{\"@type\":\"ReadAction\",\"target\":[\"https:\/\/je-immo.at\/index.php\/datenschutzerklaerung\/\"]}]},{\"@type\":\"BreadcrumbList\",\"@id\":\"https:\/\/je-immo.at\/index.php\/datenschutzerklaerung\/#breadcrumb\",\"itemListElement\":[{\"@type\":\"ListItem\",\"position\":1,\"name\":\"Startseite\",\"item\":\"https:\/\/je-immo.at\/\"},{\"@type\":\"ListItem\",\"position\":2,\"name\":\"Datenschutzerkl\u00e4rung\"}]},{\"@type\":\"WebSite\",\"@id\":\"https:\/\/je-immo.at\/#website\",\"url\":\"https:\/\/je-immo.at\/\",\"name\":\"J&E Immo GmbH\",\"description\":\"\",\"publisher\":{\"@id\":\"https:\/\/je-immo.at\/#organization\"},\"potentialAction\":[{\"@type\":\"SearchAction\",\"target\":{\"@type\":\"EntryPoint\",\"urlTemplate\":\"https:\/\/je-immo.at\/?s={search_term_string}\"},\"query-input\":{\"@type\":\"PropertyValueSpecification\",\"valueRequired\":true,\"valueName\":\"search_term_string\"}}],\"inLanguage\":\"de\"},{\"@type\":\"Organization\",\"@id\":\"https:\/\/je-immo.at\/#organization\",\"name\":\"J&E Immo GmbH\",\"url\":\"https:\/\/je-immo.at\/\",\"logo\":{\"@type\":\"ImageObject\",\"inLanguage\":\"de\",\"@id\":\"https:\/\/je-immo.at\/#\/schema\/logo\/image\/\",\"url\":\"https:\/\/je-immo.at\/wp-content\/uploads\/2025\/03\/JE_Immo_Logo.png\",\"contentUrl\":\"https:\/\/je-immo.at\/wp-content\/uploads\/2025\/03\/JE_Immo_Logo.png\",\"width\":175,\"height\":165,\"caption\":\"J&E Immo GmbH\"},\"image\":{\"@id\":\"https:\/\/je-immo.at\/#\/schema\/logo\/image\/\"}}]}<\/script>\n<!-- \/ Yoast SEO plugin. -->","yoast_head_json":{"title":"Datenschutzerkl\u00e4rung - J&amp;E Immo GmbH","robots":{"index":"noindex","follow":"nofollow"},"og_locale":"de_DE","og_type":"article","og_title":"Datenschutzerkl\u00e4rung - J&amp;E Immo GmbH","og_description":"[vc_row type=&#8220;in_container&#8220; full_screen_row_position=&#8220;middle&#8220; column_margin=&#8220;default&#8220; column_direction=&#8220;default&#8220; column_direction_tablet=&#8220;default&#8220; column_direction_phone=&#8220;default&#8220; scene_position=&#8220;center&#8220; text_color=&#8220;dark&#8220; text_align=&#8220;left&#8220; row_border_radius=&#8220;none&#8220; row_border_radius_applies=&#8220;bg&#8220; overflow=&#8220;visible&#8220; overlay_strength=&#8220;0.3&#8243; gradient_direction=&#8220;left_to_right&#8220; shape_divider_position=&#8220;bottom&#8220; bg_image_animation=&#8220;none&#8220;][vc_column column_padding=&#8220;no-extra-padding&#8220; column_padding_tablet=&#8220;inherit&#8220; column_padding_phone=&#8220;inherit&#8220; column_padding_position=&#8220;all&#8220; column_element_direction_desktop=&#8220;default&#8220; column_element_spacing=&#8220;default&#8220; desktop_text_alignment=&#8220;default&#8220; tablet_text_alignment=&#8220;default&#8220; phone_text_alignment=&#8220;default&#8220; background_color_opacity=&#8220;1&#8243; background_hover_color_opacity=&#8220;1&#8243; column_backdrop_filter=&#8220;none&#8220; column_shadow=&#8220;none&#8220;...","og_url":"https:\/\/je-immo.at\/index.php\/datenschutzerklaerung\/","og_site_name":"J&amp;E Immo GmbH","article_modified_time":"2025-03-20T07:54:47+00:00","og_image":[{"width":175,"height":165,"url":"https:\/\/je-immo.at\/wp-content\/uploads\/2025\/03\/JE_Immo_Logo.png","type":"image\/png"}],"twitter_card":"summary_large_image","twitter_misc":{"Gesch\u00e4tzte Lesezeit":"6\u00a0Minuten"},"schema":{"@context":"https:\/\/schema.org","@graph":[{"@type":"WebPage","@id":"https:\/\/je-immo.at\/index.php\/datenschutzerklaerung\/","url":"https:\/\/je-immo.at\/index.php\/datenschutzerklaerung\/","name":"Datenschutzerkl\u00e4rung - J&amp;E Immo GmbH","isPartOf":{"@id":"https:\/\/je-immo.at\/#website"},"datePublished":"2024-03-11T11:45:22+00:00","dateModified":"2025-03-20T07:54:47+00:00","breadcrumb":{"@id":"https:\/\/je-immo.at\/index.php\/datenschutzerklaerung\/#breadcrumb"},"inLanguage":"de","potentialAction":[{"@type":"ReadAction","target":["https:\/\/je-immo.at\/index.php\/datenschutzerklaerung\/"]}]},{"@type":"BreadcrumbList","@id":"https:\/\/je-immo.at\/index.php\/datenschutzerklaerung\/#breadcrumb","itemListElement":[{"@type":"ListItem","position":1,"name":"Startseite","item":"https:\/\/je-immo.at\/"},{"@type":"ListItem","position":2,"name":"Datenschutzerkl\u00e4rung"}]},{"@type":"WebSite","@id":"https:\/\/je-immo.at\/#website","url":"https:\/\/je-immo.at\/","name":"J&E Immo GmbH","description":"","publisher":{"@id":"https:\/\/je-immo.at\/#organization"},"potentialAction":[{"@type":"SearchAction","target":{"@type":"EntryPoint","urlTemplate":"https:\/\/je-immo.at\/?s={search_term_string}"},"query-input":{"@type":"PropertyValueSpecification","valueRequired":true,"valueName":"search_term_string"}}],"inLanguage":"de"},{"@type":"Organization","@id":"https:\/\/je-immo.at\/#organization","name":"J&E Immo GmbH","url":"https:\/\/je-immo.at\/","logo":{"@type":"ImageObject","inLanguage":"de","@id":"https:\/\/je-immo.at\/#\/schema\/logo\/image\/","url":"https:\/\/je-immo.at\/wp-content\/uploads\/2025\/03\/JE_Immo_Logo.png","contentUrl":"https:\/\/je-immo.at\/wp-content\/uploads\/2025\/03\/JE_Immo_Logo.png","width":175,"height":165,"caption":"J&E Immo GmbH"},"image":{"@id":"https:\/\/je-immo.at\/#\/schema\/logo\/image\/"}}]}},"_links":{"self":[{"href":"https:\/\/je-immo.at\/index.php\/wp-json\/wp\/v2\/pages\/3","targetHints":{"allow":["GET"]}}],"collection":[{"href":"https:\/\/je-immo.at\/index.php\/wp-json\/wp\/v2\/pages"}],"about":[{"href":"https:\/\/je-immo.at\/index.php\/wp-json\/wp\/v2\/types\/page"}],"author":[{"embeddable":true,"href":"https:\/\/je-immo.at\/index.php\/wp-json\/wp\/v2\/users\/1"}],"replies":[{"embeddable":true,"href":"https:\/\/je-immo.at\/index.php\/wp-json\/wp\/v2\/comments?post=3"}],"version-history":[{"count":3,"href":"https:\/\/je-immo.at\/index.php\/wp-json\/wp\/v2\/pages\/3\/revisions"}],"predecessor-version":[{"id":6385,"href":"https:\/\/je-immo.at\/index.php\/wp-json\/wp\/v2\/pages\/3\/revisions\/6385"}],"wp:attachment":[{"href":"https:\/\/je-immo.at\/index.php\/wp-json\/wp\/v2\/media?parent=3"}],"curies":[{"name":"wp","href":"https:\/\/api.w.org\/{rel}","templated":true}]}}